{"id":7,"date":"2021-03-12T20:09:11","date_gmt":"2021-03-12T20:09:11","guid":{"rendered":"http:\/\/www.papuga.cz\/?page_id=7"},"modified":"2021-12-05T13:02:45","modified_gmt":"2021-12-05T13:02:45","slug":"o-nas","status":"publish","type":"page","link":"https:\/\/www.papuga.cz\/","title":{"rendered":"O n\u00e1s"},"content":{"rendered":"\n<p>Proto\u017ee n\u00e1m d\u011bti rostou jako z vody, rozhodli jsme se jim nechat prostor na to, aby n\u00e1m uk\u00e1zali, co s na\u0161\u00edm jm\u00e9nem dovedou. Tak a\u0165 to stoj\u00ed za to!<\/p>\n\n\n\n<div class=\"wp-block-image\"><figure class=\"aligncenter size-large is-resized\"><img loading=\"lazy\" src=\"http:\/\/www.papuga.cz\/wp-content\/uploads\/2021\/05\/dreviny-1024x486.jpg\" alt=\"\" class=\"wp-image-85\" width=\"669\" height=\"317\" srcset=\"https:\/\/www.papuga.cz\/wp-content\/uploads\/2021\/05\/dreviny-1024x486.jpg 1024w, https:\/\/www.papuga.cz\/wp-content\/uploads\/2021\/05\/dreviny-300x142.jpg 300w, https:\/\/www.papuga.cz\/wp-content\/uploads\/2021\/05\/dreviny-768x365.jpg 768w, https:\/\/www.papuga.cz\/wp-content\/uploads\/2021\/05\/dreviny.jpg 1249w\" sizes=\"(max-width: 669px) 100vw, 669px\" \/><\/figure><\/div>\n\n\n\n<p><\/p>\n","protected":false},"excerpt":{"rendered":"<p>Proto\u017ee n\u00e1m d\u011bti rostou jako z vody, rozhodli jsme se jim nechat prostor na to, aby n\u00e1m uk\u00e1zali, co s na\u0161\u00edm jm\u00e9nem dovedou. Tak a\u0165 to stoj\u00ed za to!<\/p>\n","protected":false},"author":1,"featured_media":0,"parent":0,"menu_order":0,"comment_status":"closed","ping_status":"closed","template":"","meta":[],"_links":{"self":[{"href":"https:\/\/www.papuga.cz\/index.php\/wp-json\/wp\/v2\/pages\/7"}],"collection":[{"href":"https:\/\/www.papuga.cz\/index.php\/wp-json\/wp\/v2\/pages"}],"about":[{"href":"https:\/\/www.papuga.cz\/index.php\/wp-json\/wp\/v2\/types\/page"}],"author":[{"embeddable":true,"href":"https:\/\/www.papuga.cz\/index.php\/wp-json\/wp\/v2\/users\/1"}],"replies":[{"embeddable":true,"href":"https:\/\/www.papuga.cz\/index.php\/wp-json\/wp\/v2\/comments?post=7"}],"version-history":[{"count":4,"href":"https:\/\/www.papuga.cz\/index.php\/wp-json\/wp\/v2\/pages\/7\/revisions"}],"predecessor-version":[{"id":194,"href":"https:\/\/www.papuga.cz\/index.php\/wp-json\/wp\/v2\/pages\/7\/revisions\/194"}],"wp:attachment":[{"href":"https:\/\/www.papuga.cz\/index.php\/wp-json\/wp\/v2\/media?parent=7"}],"curies":[{"name":"wp","href":"https:\/\/api.w.org\/{rel}","templated":true}]}}