{"id":37,"date":"2021-03-12T20:31:33","date_gmt":"2021-03-12T20:31:33","guid":{"rendered":"http:\/\/www.papuga.cz\/?page_id=37"},"modified":"2022-11-27T16:13:28","modified_gmt":"2022-11-27T16:13:28","slug":"ten-druhy","status":"publish","type":"page","link":"https:\/\/www.papuga.cz\/index.php\/ten-druhy\/","title":{"rendered":"Maty\u00e1\u0161"},"content":{"rendered":"\n<p class=\"has-medium-font-size\" style=\"line-height:0\"><strong>P\u0159\u00edb\u011bhy<\/strong>:<\/p>\n\n\n\n<p class=\"has-normal-font-size\" style=\"line-height:0\"><a href=\"https:\/\/www.papuga.cz\/index.php\/kapitola-1-pesti-bez-pisku\/\"><strong>Babyl\u00f3nsk\u00fd Labirinth<\/strong><span style=\"text-decoration: underline;\"><\/span><span style=\"text-decoration: underline;\"><\/span><\/a><\/p>\n\n\n\n<p class=\"has-text-color\" style=\"color:#242424\">m<\/p>\n\n\n\n<p class=\"has-text-color\" style=\"color:#242424\">m<\/p>\n\n\n\n<p class=\"has-text-color\" style=\"color:#242424\">m<\/p>\n\n\n\n<p class=\"has-text-color\" style=\"color:#242424\">m<\/p>\n\n\n\n<p class=\"has-text-color\" style=\"color:#242424\">m<\/p>\n\n\n\n<p class=\"has-text-color\" style=\"color:#242424\">m<\/p>\n\n\n\n<p class=\"has-text-color\" style=\"color:#242424\">m<\/p>\n\n\n\n<p class=\"has-text-color\" style=\"line-height:0;color:#242424\"><a href=\"https:\/\/www.papuga.cz\/index.php\/prolog-nekonecny-labyrinth-neumirajicich-dusi\/\">Tajemstv\u00fd<\/a><\/p>\n","protected":false},"excerpt":{"rendered":"<p>P\u0159\u00edb\u011bhy: Babyl\u00f3nsk\u00fd Labirinth m m m m m m m Tajemstv\u00fd<\/p>\n","protected":false},"author":1,"featured_media":0,"parent":0,"menu_order":0,"comment_status":"closed","ping_status":"closed","template":"","meta":[],"_links":{"self":[{"href":"https:\/\/www.papuga.cz\/index.php\/wp-json\/wp\/v2\/pages\/37"}],"collection":[{"href":"https:\/\/www.papuga.cz\/index.php\/wp-json\/wp\/v2\/pages"}],"about":[{"href":"https:\/\/www.papuga.cz\/index.php\/wp-json\/wp\/v2\/types\/page"}],"author":[{"embeddable":true,"href":"https:\/\/www.papuga.cz\/index.php\/wp-json\/wp\/v2\/users\/1"}],"replies":[{"embeddable":true,"href":"https:\/\/www.papuga.cz\/index.php\/wp-json\/wp\/v2\/comments?post=37"}],"version-history":[{"count":29,"href":"https:\/\/www.papuga.cz\/index.php\/wp-json\/wp\/v2\/pages\/37\/revisions"}],"predecessor-version":[{"id":552,"href":"https:\/\/www.papuga.cz\/index.php\/wp-json\/wp\/v2\/pages\/37\/revisions\/552"}],"wp:attachment":[{"href":"https:\/\/www.papuga.cz\/index.php\/wp-json\/wp\/v2\/media?parent=37"}],"curies":[{"name":"wp","href":"https:\/\/api.w.org\/{rel}","templated":true}]}}